{"id":705,"date":"2017-09-18T10:46:12","date_gmt":"2017-09-18T08:46:12","guid":{"rendered":"http:\/\/piotrmagdziarz.com\/index.php\/about-me\/"},"modified":"2022-08-01T14:15:34","modified_gmt":"2022-08-01T12:15:34","slug":"o-mnie","status":"publish","type":"page","link":"https:\/\/piotrmagdziarz.com\/index.php\/o-mnie\/","title":{"rendered":"O mnie"},"content":{"rendered":"<p>[vc_row equal_height=&#8221;yes&#8221; content_placement=&#8221;middle&#8221; css=&#8221;.vc_custom_1505137157448{padding-top: 50px !important;}&#8221;][vc_column css_animation=&#8221;fadeInLeft&#8221; width=&#8221;1\/2&#8243; css=&#8221;.vc_custom_1656930824819{border-right-width: 0px !important;padding-top: 250px !important;padding-bottom: 250px !important;background-image: url(https:\/\/piotrmagdziarz.com\/wp-content\/uploads\/2022\/07\/20220617-IMG_5921-1.jpg?id=1758) !important;}&#8221; uniqid=&#8221;62c2c1cb39465&#8243;][\/vc_column][vc_column css_animation=&#8221;fadeInRight&#8221; width=&#8221;1\/2&#8243; css=&#8221;.vc_custom_1506084117248{padding-top: 80px !important;padding-right: 60px !important;padding-bottom: 80px !important;padding-left: 60px !important;background-color: #121212 !important;}&#8221;]      <div class=\"heading-block heading-5d67b7780c108 tal h-h5 with-line vc_custom_1657042292542\">\n                  <h5 class=\"h\">Piotr Magdziarz,<br \/>\n<span>jednoosobowe studio<br \/>\nfotograficzne i filmowe.<\/span><\/h5>\n              <\/div>\n    [vc_column_text]<span style=\"font-size: 14px;\">Filmuj\u0119 od ponad 10 lat i fotografuj\u0119 od czasu klisz fotograficznych i\u00a0pracy w ciemni. Zdobyte do\u015bwiadczenie pozwala mi na du\u017c\u0105 elastyczno\u015b\u0107 i\u00a0oferuj\u0119 szeroki wachlarz us\u0142ug. W moim portfolio znajdziesz fotografie i\u00a0filmy tworzone dla kultury i\u00a0biznesu: reporta\u017ce, eventy, promocje, trailery, produkty, architektur\u0119 i\u00a0wn\u0119trza. Pracuj\u0119 w terenie i\u00a0studiu. Filmowa\u0142em i\u00a0fotografowa\u0142em dla takich marek jak Dior, Converse, Rado, Colliers czy Luxottica (marki Ray-Ban, Oakley, Prada, Chanel i wiele innych). Kocham to, co robi\u0119 i\u00a0wk\u0142adam serce w ka\u017cdy projekt.<\/span><\/p>\n<p><span style=\"font-size: 14px;\">Obecnie mieszkam w Warszawie, ale\u00a0projekty realizuj\u0119 na terenie ca\u0142ej Polski\/Europy. Prowadz\u0119 dzia\u0142alno\u015b\u0107 gospodarcz\u0105 i\u00a0wystawiam faktury VAT.<\/span><\/p>\n<p><span style=\"font-size: 14px;\">Zapraszam Ci\u0119 do zapoznania si\u0119 z portfolio na tej stronie i\u00a0do kontaktu, je\u015bli jeste\u015b zainteresowany moimi us\u0142ugami.<\/span>[\/vc_column_text][\/vc_column][\/vc_row][vc_row][vc_column css_animation=&#8221;fadeIn&#8221; css=&#8221;.vc_custom_1506084142423{padding-top: 40px !important;}&#8221;]      <div class=\"heading-block heading-5d67b7e3a17a4 tac h-h4 with-line vc_custom_1656949029068\">\n                  <h4 class=\"h\">Dlaczego ja?<\/h4>\n              <\/div>\n    [vc_row_inner equal_height=&#8221;yes&#8221;][vc_column_inner width=&#8221;1\/3&#8243; css=&#8221;.vc_custom_1505483984191{margin-bottom: 35px !important;}&#8221;][vc_icon icon_fontawesome=&#8221;photo-icon-eye&#8221; color=&#8221;custom&#8221; background_style=&#8221;rounded-outline&#8221; background_color=&#8221;custom&#8221; size=&#8221;xl&#8221; align=&#8221;center&#8221; custom_background_color=&#8221;#c48f56&#8243;][vc_column_text]<\/p>\n<h6 style=\"text-align: center;\"><span style=\"text-transform: uppercase;\">OKO<\/span><\/h6>\n<p style=\"text-align: center;\"><span style=\"font-size: 14px;\"><em><span style=\"font-weight: 300;\">Mam unikalne wyczucie kadru i kompozycji. Potrafi\u0119 z\u0142apa\u0107 &#8220;ten&#8221; moment.<br \/>\n<\/span><\/em><\/span><\/p>\n<p>[\/vc_column_text][\/vc_column_inner][vc_column_inner width=&#8221;1\/3&#8243; css=&#8221;.vc_custom_1505483974400{margin-bottom: 35px !important;}&#8221;][vc_icon icon_fontawesome=&#8221;photo-icon-camera-top-view&#8221; color=&#8221;custom&#8221; background_style=&#8221;rounded-outline&#8221; background_color=&#8221;custom&#8221; size=&#8221;xl&#8221; align=&#8221;center&#8221; custom_background_color=&#8221;#c48f56&#8243;][vc_column_text]<\/p>\n<h6 style=\"text-align: center;\"><span style=\"text-transform: uppercase;\">SPRZ\u0118T<\/span><\/h6>\n<p style=\"text-align: center;\"><span style=\"font-size: 14px;\"><em><span style=\"font-weight: 300;\">Znam dobrze sprz\u0119t, z kt\u00f3rym pracuj\u0119,<br \/>\njego mo\u017cliwo\u015bci i ograniczenia.\u00a0<\/span><\/em><\/span><\/p>\n<p>[\/vc_column_text][\/vc_column_inner][vc_column_inner width=&#8221;1\/3&#8243; css=&#8221;.vc_custom_1505483962485{margin-bottom: 35px !important;}&#8221;][vc_icon icon_fontawesome=&#8221;photo-icon-softbox&#8221; color=&#8221;custom&#8221; background_style=&#8221;rounded-outline&#8221; background_color=&#8221;custom&#8221; size=&#8221;xl&#8221; align=&#8221;center&#8221; custom_background_color=&#8221;#c48f56&#8243;][vc_column_text]<\/p>\n<h6 style=\"text-align: center;\"><span style=\"text-transform: uppercase;\">\u015aWIAT\u0141O<\/span><\/h6>\n<p style=\"text-align: center;\"><span style=\"font-size: 14px;\"><em><span style=\"font-weight: 300;\">Sprawnie operuj\u0119 \u015bwiat\u0142em zastanym lub komponuj\u0119 w\u0142asne o\u015bwietlenie.<\/span><\/em><\/span><\/p>\n<p>[\/vc_column_text][\/vc_column_inner][vc_column_inner width=&#8221;1\/3&#8243; css=&#8221;.vc_custom_1505483979333{margin-bottom: 35px !important;}&#8221;][vc_icon icon_fontawesome=&#8221;photo-icon-camera-synchronation&#8221; color=&#8221;custom&#8221; background_style=&#8221;rounded-outline&#8221; background_color=&#8221;custom&#8221; size=&#8221;xl&#8221; align=&#8221;center&#8221; custom_background_color=&#8221;#c48f56&#8243;][vc_column_text]<\/p>\n<h6 style=\"text-align: center;\"><span style=\"text-transform: uppercase;\">POSTPRODUKCJA<\/span><\/h6>\n<p style=\"text-align: center;\"><span style=\"font-size: 14px;\"><em><span style=\"font-weight: 300;\">W r\u0119ce klient\u00f3w oddaj\u0119 gotowe produkty. Obrabiam, montuj\u0119, dodaj\u0119 grafik\u0119, dobieram muzyk\u0119 i przygotowuj\u0119 do druku.<\/span><\/em><\/span><\/p>\n<p>[\/vc_column_text][\/vc_column_inner][vc_column_inner width=&#8221;1\/3&#8243; css=&#8221;.vc_custom_1505483969540{margin-bottom: 35px !important;}&#8221;][vc_icon icon_fontawesome=&#8221;web-application-icon-folded-map-with-position-mark&#8221; color=&#8221;custom&#8221; background_style=&#8221;rounded-outline&#8221; background_color=&#8221;custom&#8221; size=&#8221;xl&#8221; align=&#8221;center&#8221; custom_background_color=&#8221;#c48f56&#8243;][vc_column_text]<\/p>\n<h6 style=\"text-align: center;\"><span style=\"text-transform: uppercase;\">Adaptacja<\/span><\/h6>\n<p style=\"text-align: center;\"><span style=\"font-size: 14px;\"><em><span style=\"font-weight: 300;\">\u0141atwo dostosowuj\u0119 si\u0119 do warunk\u00f3w, w kt\u00f3rych pracuj\u0119. Oferuj\u0119 du\u017c\u0105 mobilno\u015b\u0107, r\u00f3wnie\u017c edycj\u0119 i monta\u017c w terenie.<\/span><\/em><\/span><\/p>\n<p>[\/vc_column_text][\/vc_column_inner][vc_column_inner width=&#8221;1\/3&#8243; css=&#8221;.vc_custom_1505483989290{margin-bottom: 35px !important;}&#8221;][vc_icon icon_fontawesome=&#8221;photo-icon-opening-aperture&#8221; color=&#8221;custom&#8221; background_style=&#8221;rounded-outline&#8221; background_color=&#8221;custom&#8221; size=&#8221;xl&#8221; align=&#8221;center&#8221; custom_background_color=&#8221;#c48f56&#8243;][vc_column_text]<\/p>\n<h6 style=\"text-align: center;\"><span style=\"text-transform: uppercase;\">WIEDZA<\/span><\/h6>\n<p style=\"text-align: center;\"><span style=\"font-size: 14px;\"><em><span style=\"font-weight: 300;\">In\u017cynierskie wykszta\u0142cenie pozwala mi sprawnie poznawa\u0107 nowe technologie i dobrze rozumiem techniczne aspekty fotografii i filmu.<\/span><\/em><\/span><\/p>\n<p>[\/vc_column_text][\/vc_column_inner][\/vc_row_inner][\/vc_column][\/vc_row]<\/p>\n","protected":false},"excerpt":{"rendered":"<p>[vc_row equal_height=&#8221;yes&#8221; content_placement=&#8221;middle&#8221; css=&#8221;.vc_custom_1505137157448{padding-top: 50px !important;}&#8221;][vc_column css_animation=&#8221;fadeInLeft&#8221; width=&#8221;1\/2&#8243; css=&#8221;.vc_custom_1656930824819{border-right-width: 0px !important;padding-top: 250px !important;padding-bottom: 250px !important;background-image: url(https:\/\/piotrmagdziarz.com\/wp-content\/uploads\/2022\/07\/20220617-IMG_5921-1.jpg?id=1758) !important;}&#8221; uniqid=&#8221;62c2c1cb39465&#8243;][\/vc_column][vc_column css_animation=&#8221;fadeInRight&#8221; width=&#8221;1\/2&#8243; css=&#8221;.vc_custom_1506084117248{padding-top: 80px !important;padding-right: 60px !important;padding-bottom: 80px !important;padding-left: 60px !important;background-color: #121212 !important;}&#8221;][vc_column_text]Filmuj\u0119 od ponad 10 lat i fotografuj\u0119 od czasu klisz fotograficznych i\u00a0pracy w ciemni. Zdobyte do\u015bwiadczenie pozwala mi na du\u017c\u0105 elastyczno\u015b\u0107 i\u00a0oferuj\u0119 szeroki wachlarz us\u0142ug. [&hellip;]<\/p>\n","protected":false},"author":1,"featured_media":0,"parent":0,"menu_order":0,"comment_status":"closed","ping_status":"closed","template":"template-landing.php","meta":{"om_disable_all_campaigns":false,"_monsterinsights_skip_tracking":false,"_monsterinsights_sitenote_active":false,"_monsterinsights_sitenote_note":"","_monsterinsights_sitenote_category":0,"footnotes":""},"class_list":["post-705","page","type-page","status-publish","hentry"],"acf":[],"aioseo_notices":[],"_links":{"self":[{"href":"https:\/\/piotrmagdziarz.com\/index.php\/wp-json\/wp\/v2\/pages\/705","targetHints":{"allow":["GET"]}}],"collection":[{"href":"https:\/\/piotrmagdziarz.com\/index.php\/wp-json\/wp\/v2\/pages"}],"about":[{"href":"https:\/\/piotrmagdziarz.com\/index.php\/wp-json\/wp\/v2\/types\/page"}],"author":[{"embeddable":true,"href":"https:\/\/piotrmagdziarz.com\/index.php\/wp-json\/wp\/v2\/users\/1"}],"replies":[{"embeddable":true,"href":"https:\/\/piotrmagdziarz.com\/index.php\/wp-json\/wp\/v2\/comments?post=705"}],"version-history":[{"count":25,"href":"https:\/\/piotrmagdziarz.com\/index.php\/wp-json\/wp\/v2\/pages\/705\/revisions"}],"predecessor-version":[{"id":1916,"href":"https:\/\/piotrmagdziarz.com\/index.php\/wp-json\/wp\/v2\/pages\/705\/revisions\/1916"}],"wp:attachment":[{"href":"https:\/\/piotrmagdziarz.com\/index.php\/wp-json\/wp\/v2\/media?parent=705"}],"curies":[{"name":"wp","href":"https:\/\/api.w.org\/{rel}","templated":true}]}}