{"id":801,"date":"2017-09-21T07:08:15","date_gmt":"2017-09-21T05:08:15","guid":{"rendered":"http:\/\/piotrmagdziarz.com\/index.php\/col-3\/"},"modified":"2022-10-05T12:14:41","modified_gmt":"2022-10-05T10:14:41","slug":"film","status":"publish","type":"page","link":"https:\/\/piotrmagdziarz.com\/index.php\/film\/","title":{"rendered":"Film"},"content":{"rendered":"<p>[vc_row][vc_column][vc_custom_heading text=&#8221;Film&#8221; font_container=&#8221;tag:h2|text_align:center&#8221; use_theme_fonts=&#8221;yes&#8221; decor_line=&#8221;on&#8221;]\r\n\t\t<div class=\"portfolio-block portfolio-block-59c3651ca7662\" data-popup-settings=\"{&quot;popupTitle&quot;:false,&quot;popupDesc&quot;:false}\">\r\n\t\t\t\t\t\t\t\t\t<div class=\"filter-buttons filter-button-group tac\">\r\n\t\t\t<div class=\"wrap\">\r\n\t\t\t\t<button class=\"button active\" data-filter=\"*\">\r\n\t\t\t\t\t<span>Wszystkie<\/span>\r\n\t\t\t\t<\/button>\r\n\t\t\t\t\t\t\t\t\t<button class=\"button\" data-filter=\".category-10\">\r\n\t\t\t\t\t\t<span>Trailery<\/span>\r\n\t\t\t\t\t<\/button>\r\n\t\t\t\t\t\t\t\t\t<button class=\"button\" data-filter=\".category-12\">\r\n\t\t\t\t\t\t<span>Promocyjne<\/span>\r\n\t\t\t\t\t<\/button>\r\n\t\t\t\t\t\t\t\t\t<button class=\"button\" data-filter=\".category-11\">\r\n\t\t\t\t\t\t<span>Reporta\u017ce<\/span>\r\n\t\t\t\t\t<\/button>\r\n\t\t\t\t\t\t\t\t\t<button class=\"button\" data-filter=\".category-14\">\r\n\t\t\t\t\t\t<span>\u015alubne<\/span>\r\n\t\t\t\t\t<\/button>\r\n\t\t\t\t\t\t\t\t\t<button class=\"button\" data-filter=\".category-13\">\r\n\t\t\t\t\t\t<span>Eventy<\/span>\r\n\t\t\t\t\t<\/button>\r\n\t\t\t\t\t\t\t<\/div>\r\n\t\t<\/div>\r\n\t\t\t\t\t\t<div class=\"portfolio-items portfolio-type-grid load-wrap portfolio_hover_type_1 row\">\r\n\t\t\t\t\t\t\t<article class=\"portfolio-item col-12 col-sm-4 col-lg-4 portfolio-grid-item category-10\">\r\n\t\t\t<div class=\"wrap\">\r\n\t\t\t\t\t\t\t\t\t<div class=\"a-img\" data-original=\"https:\/\/piotrmagdziarz.com\/wp-content\/uploads\/2022\/10\/Wszystkie-nasze-klamstwa-teaser.jpg\">\r\n\t\t\t\t\t\t<div style=\"background-image: url(https:\/\/piotrmagdziarz.com\/wp-content\/uploads\/2022\/10\/Wszystkie-nasze-klamstwa-teaser.jpg);\"><\/div>\r\n            \t\t\t\t\t<\/div>\r\n\t\t\t\t\t\t\t\t<div class=\"content\">\r\n\t\t\t\t\t\t\t\t<h5>Wszystkie nasze k\u0142amstwa teaser<\/h5>\r\n\t\t\t\t\t\t\t<p>Teaser do ksi\u0105\u017cki Jane Corry - Wszystkie n...<\/p>\n\t\t\t\t<\/div>\r\n                  <a class=\"link\" href=\"https:\/\/piotrmagdziarz.com\/index.php\/pt-portfolio\/wszystkie-nasze-klamstwa-teaser\/\" target=\"_self\" ><\/a>        \t\t\t<\/div>\r\n\t\t<\/article>\r\n\t\t\t\t<article class=\"portfolio-item col-12 col-sm-4 col-lg-4 portfolio-grid-item category-12\">\r\n\t\t\t<div class=\"wrap\">\r\n\t\t\t\t\t\t\t\t\t<div class=\"a-img\" data-original=\"https:\/\/piotrmagdziarz.com\/wp-content\/uploads\/2022\/07\/PreZero-w-Polsce.jpg\">\r\n\t\t\t\t\t\t<div style=\"background-image: url(https:\/\/piotrmagdziarz.com\/wp-content\/uploads\/2022\/07\/PreZero-w-Polsce.jpg);\"><\/div>\r\n            \t\t\t\t\t<\/div>\r\n\t\t\t\t\t\t\t\t<div class=\"content\">\r\n\t\t\t\t\t\t\t\t<h5>PreZero w Polsce<\/h5>\r\n\t\t\t\t\t\t\t<p>Spot przedstawiaj\u0105cy dzia\u0142alno\u015b\u0107 PreZero w...<\/p>\n\t\t\t\t<\/div>\r\n                  <a class=\"link\" href=\"https:\/\/piotrmagdziarz.com\/index.php\/pt-portfolio\/prezero-w-polsce\/\" target=\"_self\" ><\/a>        \t\t\t<\/div>\r\n\t\t<\/article>\r\n\t\t\t\t<article class=\"portfolio-item col-12 col-sm-4 col-lg-4 portfolio-grid-item category-12\">\r\n\t\t\t<div class=\"wrap\">\r\n\t\t\t\t\t\t\t\t\t<div class=\"a-img\" data-original=\"https:\/\/piotrmagdziarz.com\/wp-content\/uploads\/2022\/07\/Dlugofalowa-wizja-rozwoju-obszarow-wiejskich.jpg\">\r\n\t\t\t\t\t\t<div style=\"background-image: url(https:\/\/piotrmagdziarz.com\/wp-content\/uploads\/2022\/07\/Dlugofalowa-wizja-rozwoju-obszarow-wiejskich.jpg);\"><\/div>\r\n            \t\t\t\t\t<\/div>\r\n\t\t\t\t\t\t\t\t<div class=\"content\">\r\n\t\t\t\t\t\t\t\t<h5>D\u0142ugofalowa wizja rozwoju obszar\u00f3w wiejskich<\/h5>\r\n\t\t\t\t\t\t\t<p>Film uzupe\u0142ni\u0142 raport badawczy przygotowan...<\/p>\n\t\t\t\t<\/div>\r\n                  <a class=\"link\" href=\"https:\/\/piotrmagdziarz.com\/index.php\/pt-portfolio\/dlugofalowa-wizja-rozwoju-obszarow-wiejskich\/\" target=\"_self\" ><\/a>        \t\t\t<\/div>\r\n\t\t<\/article>\r\n\t\t\t\t<article class=\"portfolio-item col-12 col-sm-4 col-lg-4 portfolio-grid-item category-12\">\r\n\t\t\t<div class=\"wrap\">\r\n\t\t\t\t\t\t\t\t\t<div class=\"a-img\" data-original=\"https:\/\/piotrmagdziarz.com\/wp-content\/uploads\/2022\/07\/SUEZ-ABM-Cooperation.jpg\">\r\n\t\t\t\t\t\t<div style=\"background-image: url(https:\/\/piotrmagdziarz.com\/wp-content\/uploads\/2022\/07\/SUEZ-ABM-Cooperation.jpg);\"><\/div>\r\n            \t\t\t\t\t<\/div>\r\n\t\t\t\t\t\t\t\t<div class=\"content\">\r\n\t\t\t\t\t\t\t\t<h5>SUEZ ABM cooperation<\/h5>\r\n\t\t\t\t\t\t\t<p>Film promocyjny podsumowuj\u0105cy kilka lat ws...<\/p>\n\t\t\t\t<\/div>\r\n                  <a class=\"link\" href=\"https:\/\/piotrmagdziarz.com\/index.php\/pt-portfolio\/suez-abm-cooperation\/\" target=\"_self\" ><\/a>        \t\t\t<\/div>\r\n\t\t<\/article>\r\n\t\t\t\t<article class=\"portfolio-item col-12 col-sm-4 col-lg-4 portfolio-grid-item category-11\">\r\n\t\t\t<div class=\"wrap\">\r\n\t\t\t\t\t\t\t\t\t<div class=\"a-img\" data-original=\"https:\/\/piotrmagdziarz.com\/wp-content\/uploads\/2022\/07\/Wykluwanie.jpg\">\r\n\t\t\t\t\t\t<div style=\"background-image: url(https:\/\/piotrmagdziarz.com\/wp-content\/uploads\/2022\/07\/Wykluwanie.jpg);\"><\/div>\r\n            \t\t\t\t\t<\/div>\r\n\t\t\t\t\t\t\t\t<div class=\"content\">\r\n\t\t\t\t\t\t\t\t<h5>Wykluwanie<\/h5>\r\n\t\t\t\t\t\t\t<p>Reporta\u017c z Festiwalu Wioska Teatralna. W\u0119g...<\/p>\n\t\t\t\t<\/div>\r\n                  <a class=\"link\" href=\"https:\/\/piotrmagdziarz.com\/index.php\/pt-portfolio\/wykluwanie\/\" target=\"_self\" ><\/a>        \t\t\t<\/div>\r\n\t\t<\/article>\r\n\t\t\t\t<article class=\"portfolio-item col-12 col-sm-4 col-lg-4 portfolio-grid-item category-12\">\r\n\t\t\t<div class=\"wrap\">\r\n\t\t\t\t\t\t\t\t\t<div class=\"a-img\" data-original=\"https:\/\/piotrmagdziarz.com\/wp-content\/uploads\/2020\/06\/Women-in-DIGI.jpg\">\r\n\t\t\t\t\t\t<div style=\"background-image: url(https:\/\/piotrmagdziarz.com\/wp-content\/uploads\/2020\/06\/Women-in-DIGI.jpg);\"><\/div>\r\n            \t\t\t\t\t<\/div>\r\n\t\t\t\t\t\t\t\t<div class=\"content\">\r\n\t\t\t\t\t\t\t\t<h5>Women in DIGI<\/h5>\r\n\t\t\t\t\t\t\t<p>Digital products at SUEZ Polska are run by...<\/p>\n\t\t\t\t<\/div>\r\n                  <a class=\"link\" href=\"https:\/\/piotrmagdziarz.com\/index.php\/pt-portfolio\/women-in-digi\/\" target=\"_self\" ><\/a>        \t\t\t<\/div>\r\n\t\t<\/article>\r\n\t\t\t\t<article class=\"portfolio-item col-12 col-sm-4 col-lg-4 portfolio-grid-item category-14\">\r\n\t\t\t<div class=\"wrap\">\r\n\t\t\t\t\t\t\t\t\t<div class=\"a-img\" data-original=\"https:\/\/piotrmagdziarz.com\/wp-content\/uploads\/2019\/12\/Slub-Kasia-i-Grzes.jpg\">\r\n\t\t\t\t\t\t<div style=\"background-image: url(https:\/\/piotrmagdziarz.com\/wp-content\/uploads\/2019\/12\/Slub-Kasia-i-Grzes.jpg);\"><\/div>\r\n            \t\t\t\t\t<\/div>\r\n\t\t\t\t\t\t\t\t<div class=\"content\">\r\n\t\t\t\t\t\t\t\t<h5>Kasia + Grze\u015b<\/h5>\r\n\t\t\t\t\t\t\t<p>Reporta\u017c \u015blubny Kasi i Grzesia.<\/p>\n\t\t\t\t<\/div>\r\n                  <a class=\"link\" href=\"https:\/\/piotrmagdziarz.com\/index.php\/pt-portfolio\/kasia-grzes\/\" target=\"_self\" ><\/a>        \t\t\t<\/div>\r\n\t\t<\/article>\r\n\t\t\t\t<article class=\"portfolio-item col-12 col-sm-4 col-lg-4 portfolio-grid-item category-14\">\r\n\t\t\t<div class=\"wrap\">\r\n\t\t\t\t\t\t\t\t\t<div class=\"a-img\" data-original=\"https:\/\/piotrmagdziarz.com\/wp-content\/uploads\/2022\/07\/Slub-Kasia-i-Ben.jpg\">\r\n\t\t\t\t\t\t<div style=\"background-image: url(https:\/\/piotrmagdziarz.com\/wp-content\/uploads\/2022\/07\/Slub-Kasia-i-Ben.jpg);\"><\/div>\r\n            \t\t\t\t\t<\/div>\r\n\t\t\t\t\t\t\t\t<div class=\"content\">\r\n\t\t\t\t\t\t\t\t<h5>Kasia + Ben<\/h5>\r\n\t\t\t\t\t\t\t<p>Reporta\u017c \u015blubny Kasi i Bena. <\/p>\n\t\t\t\t<\/div>\r\n                  <a class=\"link\" href=\"https:\/\/piotrmagdziarz.com\/index.php\/pt-portfolio\/kasia-ben\/\" target=\"_self\" ><\/a>        \t\t\t<\/div>\r\n\t\t<\/article>\r\n\t\t\t\t<article class=\"portfolio-item col-12 col-sm-4 col-lg-4 portfolio-grid-item category-11\">\r\n\t\t\t<div class=\"wrap\">\r\n\t\t\t\t\t\t\t\t\t<div class=\"a-img\" data-original=\"https:\/\/piotrmagdziarz.com\/wp-content\/uploads\/2022\/07\/Wioska.jpg\">\r\n\t\t\t\t\t\t<div style=\"background-image: url(https:\/\/piotrmagdziarz.com\/wp-content\/uploads\/2022\/07\/Wioska.jpg);\"><\/div>\r\n            \t\t\t\t\t<\/div>\r\n\t\t\t\t\t\t\t\t<div class=\"content\">\r\n\t\t\t\t\t\t\t\t<h5>Wioska<\/h5>\r\n\t\t\t\t\t\t\t<p>Reporta\u017c z Festiwalu Wioska Teatralna. W\u0119g...<\/p>\n\t\t\t\t<\/div>\r\n                  <a class=\"link\" href=\"https:\/\/piotrmagdziarz.com\/index.php\/pt-portfolio\/wioska\/\" target=\"_self\" ><\/a>        \t\t\t<\/div>\r\n\t\t<\/article>\r\n\t\t\t\t<article class=\"portfolio-item col-12 col-sm-4 col-lg-4 portfolio-grid-item category-12\">\r\n\t\t\t<div class=\"wrap\">\r\n\t\t\t\t\t\t\t\t\t<div class=\"a-img\" data-original=\"https:\/\/piotrmagdziarz.com\/wp-content\/uploads\/2022\/07\/sklepSUEZ-tutorial.jpg\">\r\n\t\t\t\t\t\t<div style=\"background-image: url(https:\/\/piotrmagdziarz.com\/wp-content\/uploads\/2022\/07\/sklepSUEZ-tutorial.jpg);\"><\/div>\r\n            \t\t\t\t\t<\/div>\r\n\t\t\t\t\t\t\t\t<div class=\"content\">\r\n\t\t\t\t\t\t\t\t<h5>sklepSUEZ.pl<\/h5>\r\n\t\t\t\t\t\t\t<p>Spot reklamuj\u0105cy stron\u0119 internetow\u0105 sklepS...<\/p>\n\t\t\t\t<\/div>\r\n                  <a class=\"link\" href=\"https:\/\/piotrmagdziarz.com\/index.php\/pt-portfolio\/sklepsuez-pl\/\" target=\"_self\" ><\/a>        \t\t\t<\/div>\r\n\t\t<\/article>\r\n\t\t\t\t<article class=\"portfolio-item col-12 col-sm-4 col-lg-4 portfolio-grid-item category-13\">\r\n\t\t\t<div class=\"wrap\">\r\n\t\t\t\t\t\t\t\t\t<div class=\"a-img\" data-original=\"https:\/\/piotrmagdziarz.com\/wp-content\/uploads\/2022\/07\/Oakley-Cyklo-Gdynia-event.jpg\">\r\n\t\t\t\t\t\t<div style=\"background-image: url(https:\/\/piotrmagdziarz.com\/wp-content\/uploads\/2022\/07\/Oakley-Cyklo-Gdynia-event.jpg);\"><\/div>\r\n            \t\t\t\t\t<\/div>\r\n\t\t\t\t\t\t\t\t<div class=\"content\">\r\n\t\t\t\t\t\t\t\t<h5>Oakley Cyklo Gdynia<\/h5>\r\n\t\t\t\t\t\t\t<p>Strefa Oakley na wy\u015bcigu kolarskim Cyklo G...<\/p>\n\t\t\t\t<\/div>\r\n                  <a class=\"link\" href=\"https:\/\/piotrmagdziarz.com\/index.php\/pt-portfolio\/oakley-cyklo-gdynia-2\/\" target=\"_self\" ><\/a>        \t\t\t<\/div>\r\n\t\t<\/article>\r\n\t\t\t\t<article class=\"portfolio-item col-12 col-sm-4 col-lg-4 portfolio-grid-item category-12\">\r\n\t\t\t<div class=\"wrap\">\r\n\t\t\t\t\t\t\t\t\t<div class=\"a-img\" data-original=\"https:\/\/piotrmagdziarz.com\/wp-content\/uploads\/2022\/07\/mojSUEZ-tutorial.jpg\">\r\n\t\t\t\t\t\t<div style=\"background-image: url(https:\/\/piotrmagdziarz.com\/wp-content\/uploads\/2022\/07\/mojSUEZ-tutorial.jpg);\"><\/div>\r\n            \t\t\t\t\t<\/div>\r\n\t\t\t\t\t\t\t\t<div class=\"content\">\r\n\t\t\t\t\t\t\t\t<h5>Aplikacja m\u00f3j SUEZ<\/h5>\r\n\t\t\t\t\t\t\t<p>Spot promocyjny przedstawiaj\u0105cy funkcje ap...<\/p>\n\t\t\t\t<\/div>\r\n                  <a class=\"link\" href=\"https:\/\/piotrmagdziarz.com\/index.php\/pt-portfolio\/aplikacja-moj-suez\/\" target=\"_self\" ><\/a>        \t\t\t<\/div>\r\n\t\t<\/article>\r\n\t\t\t\t<article class=\"portfolio-item col-12 col-sm-4 col-lg-4 portfolio-grid-item category-10\">\r\n\t\t\t<div class=\"wrap\">\r\n\t\t\t\t\t\t\t\t\t<div class=\"a-img\" data-original=\"https:\/\/piotrmagdziarz.com\/wp-content\/uploads\/2022\/07\/Oakley-Cyklo-Gdynia.jpg\">\r\n\t\t\t\t\t\t<div style=\"background-image: url(https:\/\/piotrmagdziarz.com\/wp-content\/uploads\/2022\/07\/Oakley-Cyklo-Gdynia.jpg);\"><\/div>\r\n            \t\t\t\t\t<\/div>\r\n\t\t\t\t\t\t\t\t<div class=\"content\">\r\n\t\t\t\t\t\t\t\t<h5>Oakley Cyklo Gdynia<\/h5>\r\n\t\t\t\t\t\t\t<p>Trailer zapraszaj\u0105cy do strefy Oakley na z...<\/p>\n\t\t\t\t<\/div>\r\n                  <a class=\"link\" href=\"https:\/\/piotrmagdziarz.com\/index.php\/pt-portfolio\/oakley-cyklo-gdynia\/\" target=\"_self\" ><\/a>        \t\t\t<\/div>\r\n\t\t<\/article>\r\n\t\t\t\t<article class=\"portfolio-item col-12 col-sm-4 col-lg-4 portfolio-grid-item category-13\">\r\n\t\t\t<div class=\"wrap\">\r\n\t\t\t\t\t\t\t\t\t<div class=\"a-img\" data-original=\"https:\/\/piotrmagdziarz.com\/wp-content\/uploads\/2022\/07\/Luxottica-Speak-the-truth.jpg\">\r\n\t\t\t\t\t\t<div style=\"background-image: url(https:\/\/piotrmagdziarz.com\/wp-content\/uploads\/2022\/07\/Luxottica-Speak-the-truth.jpg);\"><\/div>\r\n            \t\t\t\t\t<\/div>\r\n\t\t\t\t\t\t\t\t<div class=\"content\">\r\n\t\t\t\t\t\t\t\t<h5>Ray-Ban event<\/h5>\r\n\t\t\t\t\t\t\t<p>Event optyczny na Krakowskim Przedmie\u015bciu,...<\/p>\n\t\t\t\t<\/div>\r\n                  <a class=\"link\" href=\"https:\/\/piotrmagdziarz.com\/index.php\/pt-portfolio\/ray-ban-event\/\" target=\"_self\" ><\/a>        \t\t\t<\/div>\r\n\t\t<\/article>\r\n\t\t\t\t<article class=\"portfolio-item col-12 col-sm-4 col-lg-4 portfolio-grid-item category-13\">\r\n\t\t\t<div class=\"wrap\">\r\n\t\t\t\t\t\t\t\t\t<div class=\"a-img\" data-original=\"https:\/\/piotrmagdziarz.com\/wp-content\/uploads\/2022\/07\/Luxottica-Showroom-Making-of.jpg\">\r\n\t\t\t\t\t\t<div style=\"background-image: url(https:\/\/piotrmagdziarz.com\/wp-content\/uploads\/2022\/07\/Luxottica-Showroom-Making-of.jpg);\"><\/div>\r\n            \t\t\t\t\t<\/div>\r\n\t\t\t\t\t\t\t\t<div class=\"content\">\r\n\t\t\t\t\t\t\t\t<h5>Luxottica Showroom<\/h5>\r\n\t\t\t\t\t\t\t<p>\"Making of\" showroomu najwi\u0119kszego na \u015bwie...<\/p>\n\t\t\t\t<\/div>\r\n                  <a class=\"link\" href=\"https:\/\/piotrmagdziarz.com\/index.php\/pt-portfolio\/luxottica-showroom-making-of\/\" target=\"_self\" ><\/a>        \t\t\t<\/div>\r\n\t\t<\/article>\r\n\t\t\t\t<article class=\"portfolio-item col-12 col-sm-4 col-lg-4 portfolio-grid-item category-10\">\r\n\t\t\t<div class=\"wrap\">\r\n\t\t\t\t\t\t\t\t\t<div class=\"a-img\" data-original=\"https:\/\/piotrmagdziarz.com\/wp-content\/uploads\/2022\/07\/Manifest-trailer.jpg\">\r\n\t\t\t\t\t\t<div style=\"background-image: url(https:\/\/piotrmagdziarz.com\/wp-content\/uploads\/2022\/07\/Manifest-trailer.jpg);\"><\/div>\r\n            \t\t\t\t\t<\/div>\r\n\t\t\t\t\t\t\t\t<div class=\"content\">\r\n\t\t\t\t\t\t\t\t<h5>Manifest<\/h5>\r\n\t\t\t\t\t\t\t<p>Trailer do spektaklu Teatru Realistycznego...<\/p>\n\t\t\t\t<\/div>\r\n                  <a class=\"link\" href=\"https:\/\/piotrmagdziarz.com\/index.php\/pt-portfolio\/manifest-trailer\/\" target=\"_self\" ><\/a>        \t\t\t<\/div>\r\n\t\t<\/article>\r\n\t\t\t\t<article class=\"portfolio-item col-12 col-sm-4 col-lg-4 portfolio-grid-item category-10\">\r\n\t\t\t<div class=\"wrap\">\r\n\t\t\t\t\t\t\t\t\t<div class=\"a-img\" data-original=\"https:\/\/piotrmagdziarz.com\/wp-content\/uploads\/2022\/07\/Jestem-trailer.jpg\">\r\n\t\t\t\t\t\t<div style=\"background-image: url(https:\/\/piotrmagdziarz.com\/wp-content\/uploads\/2022\/07\/Jestem-trailer.jpg);\"><\/div>\r\n            \t\t\t\t\t<\/div>\r\n\t\t\t\t\t\t\t\t<div class=\"content\">\r\n\t\t\t\t\t\t\t\t<h5>Jestem<\/h5>\r\n\t\t\t\t\t\t\t<p>Trailer do spektaklu Teatru Realistycznego...<\/p>\n\t\t\t\t<\/div>\r\n                  <a class=\"link\" href=\"https:\/\/piotrmagdziarz.com\/index.php\/pt-portfolio\/jestem-trailer\/\" target=\"_self\" ><\/a>        \t\t\t<\/div>\r\n\t\t<\/article>\r\n\t\t\t\t\t\t<\/div>\r\n\t\t\t\t\t\t\t\t\t<\/div>\r\n    [\/vc_column][\/vc_row]<\/p>\n","protected":false},"excerpt":{"rendered":"<p>[vc_row][vc_column][vc_custom_heading text=&#8221;Film&#8221; font_container=&#8221;tag:h2|text_align:center&#8221; use_theme_fonts=&#8221;yes&#8221; decor_line=&#8221;on&#8221;][\/vc_column][\/vc_row]<\/p>\n","protected":false},"author":1,"featured_media":0,"parent":0,"menu_order":0,"comment_status":"closed","ping_status":"closed","template":"template-landing.php","meta":{"om_disable_all_campaigns":false,"_monsterinsights_skip_tracking":false,"_monsterinsights_sitenote_active":false,"_monsterinsights_sitenote_note":"","_monsterinsights_sitenote_category":0,"footnotes":""},"class_list":["post-801","page","type-page","status-publish","hentry"],"acf":[],"aioseo_notices":[],"_links":{"self":[{"href":"https:\/\/piotrmagdziarz.com\/index.php\/wp-json\/wp\/v2\/pages\/801","targetHints":{"allow":["GET"]}}],"collection":[{"href":"https:\/\/piotrmagdziarz.com\/index.php\/wp-json\/wp\/v2\/pages"}],"about":[{"href":"https:\/\/piotrmagdziarz.com\/index.php\/wp-json\/wp\/v2\/types\/page"}],"author":[{"embeddable":true,"href":"https:\/\/piotrmagdziarz.com\/index.php\/wp-json\/wp\/v2\/users\/1"}],"replies":[{"embeddable":true,"href":"https:\/\/piotrmagdziarz.com\/index.php\/wp-json\/wp\/v2\/comments?post=801"}],"version-history":[{"count":28,"href":"https:\/\/piotrmagdziarz.com\/index.php\/wp-json\/wp\/v2\/pages\/801\/revisions"}],"predecessor-version":[{"id":2694,"href":"https:\/\/piotrmagdziarz.com\/index.php\/wp-json\/wp\/v2\/pages\/801\/revisions\/2694"}],"wp:attachment":[{"href":"https:\/\/piotrmagdziarz.com\/index.php\/wp-json\/wp\/v2\/media?parent=801"}],"curies":[{"name":"wp","href":"https:\/\/api.w.org\/{rel}","templated":true}]}}